{"id":2243,"date":"2024-01-04T12:42:40","date_gmt":"2024-01-04T11:42:40","guid":{"rendered":"https:\/\/sici-dilna.com\/nove?page_id=2243"},"modified":"2024-05-31T11:23:56","modified_gmt":"2024-05-31T09:23:56","slug":"stroje-a-zarizeni","status":"publish","type":"page","link":"https:\/\/sici-dilna.com\/de\/stroje-a-zarizeni\/","title":{"rendered":"Maschinen und Ger\u00e4te"},"content":{"rendered":"\n<div class=\"wp-block-columns is-layout-flex wp-container-core-columns-is-layout-9d6595d7 wp-block-columns-is-layout-flex\">\n<div class=\"wp-block-column is-layout-flow wp-block-column-is-layout-flow\">\n<figure class=\"wp-block-image size-full\"><img decoding=\"async\" width=\"569\" height=\"395\" src=\"https:\/\/sici-dilna.com\/nove\/wp-content\/uploads\/2024\/05\/programovatelne-1.jpg\" alt=\"\" class=\"wp-image-2067\" srcset=\"https:\/\/sici-dilna.com\/wp-content\/uploads\/2024\/05\/programovatelne-1.jpg 569w, https:\/\/sici-dilna.com\/wp-content\/uploads\/2024\/05\/programovatelne-1-300x208.jpg 300w\" sizes=\"(max-width: 569px) 100vw, 569px\" \/><figcaption class=\"wp-element-caption\">Programmierbare Automaten<\/figcaption><\/figure>\n<\/div>\n\n\n\n<div class=\"wp-block-column is-layout-flow wp-block-column-is-layout-flow\">\n<figure class=\"wp-block-image size-full\"><img decoding=\"async\" width=\"569\" height=\"395\" src=\"https:\/\/sici-dilna.com\/nove\/wp-content\/uploads\/2024\/05\/vicejehlove-2.jpg\" alt=\"\" class=\"wp-image-2071\" srcset=\"https:\/\/sici-dilna.com\/wp-content\/uploads\/2024\/05\/vicejehlove-2.jpg 569w, https:\/\/sici-dilna.com\/wp-content\/uploads\/2024\/05\/vicejehlove-2-300x208.jpg 300w\" sizes=\"(max-width: 569px) 100vw, 569px\" \/><figcaption class=\"wp-element-caption\">Mehrnadel-Kettenstich<\/figcaption><\/figure>\n<\/div>\n\n\n\n<div class=\"wp-block-column is-layout-flow wp-block-column-is-layout-flow\">\n<figure class=\"wp-block-image size-full is-resized\"><img decoding=\"async\" width=\"800\" height=\"800\" src=\"https:\/\/sici-dilna.com\/wp-content\/uploads\/2024\/05\/ondyxknedlix.jpg\" alt=\"\" class=\"wp-image-2570\" style=\"width:353px;height:auto\" srcset=\"https:\/\/sici-dilna.com\/wp-content\/uploads\/2024\/05\/ondyxknedlix.jpg 800w, https:\/\/sici-dilna.com\/wp-content\/uploads\/2024\/05\/ondyxknedlix-300x300.jpg 300w, https:\/\/sici-dilna.com\/wp-content\/uploads\/2024\/05\/ondyxknedlix-150x150.jpg 150w, https:\/\/sici-dilna.com\/wp-content\/uploads\/2024\/05\/ondyxknedlix-768x768.jpg 768w\" sizes=\"(max-width: 800px) 100vw, 800px\" \/><figcaption class=\"wp-element-caption\">Zickzack-N\u00e4hmaschine<\/figcaption><\/figure>\n<\/div>\n<\/div>\n\n\n\n<div class=\"wp-block-columns is-layout-flex wp-container-core-columns-is-layout-9d6595d7 wp-block-columns-is-layout-flex\">\n<div class=\"wp-block-column is-layout-flow wp-block-column-is-layout-flow\">\n<figure class=\"wp-block-image size-full\"><img decoding=\"async\" width=\"570\" height=\"396\" src=\"https:\/\/sici-dilna.com\/nove\/wp-content\/uploads\/2024\/05\/flatlock2.jpg\" alt=\"\" class=\"wp-image-2117\" srcset=\"https:\/\/sici-dilna.com\/wp-content\/uploads\/2024\/05\/flatlock2.jpg 570w, https:\/\/sici-dilna.com\/wp-content\/uploads\/2024\/05\/flatlock2-300x208.jpg 300w\" sizes=\"(max-width: 570px) 100vw, 570px\" \/><figcaption class=\"wp-element-caption\">Flachnaht-N\u00e4hmaschine<\/figcaption><\/figure>\n<\/div>\n\n\n\n<div class=\"wp-block-column is-layout-flow wp-block-column-is-layout-flow\">\n<figure class=\"wp-block-image size-full is-resized\"><img decoding=\"async\" width=\"569\" height=\"395\" src=\"https:\/\/sici-dilna.com\/nove\/wp-content\/uploads\/2024\/05\/uzkerameno.jpg\" alt=\"\" class=\"wp-image-2375\" style=\"width:367px;height:auto\" srcset=\"https:\/\/sici-dilna.com\/wp-content\/uploads\/2024\/05\/uzkerameno.jpg 569w, https:\/\/sici-dilna.com\/wp-content\/uploads\/2024\/05\/uzkerameno-300x208.jpg 300w\" sizes=\"(max-width: 569px) 100vw, 569px\" \/><figcaption class=\"wp-element-caption\">Schmale Schulterpartie<\/figcaption><\/figure>\n<\/div>\n\n\n\n<div class=\"wp-block-column is-layout-flow wp-block-column-is-layout-flow\">\n<figure class=\"wp-block-image size-full\"><img decoding=\"async\" width=\"600\" height=\"550\" src=\"https:\/\/sici-dilna.com\/nove\/wp-content\/uploads\/2024\/05\/knoflikovac.jpg\" alt=\"\" class=\"wp-image-2323\" srcset=\"https:\/\/sici-dilna.com\/wp-content\/uploads\/2024\/05\/knoflikovac.jpg 600w, https:\/\/sici-dilna.com\/wp-content\/uploads\/2024\/05\/knoflikovac-300x275.jpg 300w\" sizes=\"(max-width: 600px) 100vw, 600px\" \/><figcaption class=\"wp-element-caption\">Knopfloch-N\u00e4hmaschine<\/figcaption><\/figure>\n<\/div>\n<\/div>\n\n\n\n<div class=\"wp-block-columns is-layout-flex wp-container-core-columns-is-layout-9d6595d7 wp-block-columns-is-layout-flex\">\n<div class=\"wp-block-column is-layout-flow wp-block-column-is-layout-flow\">\n<figure class=\"wp-block-image size-full\"><img decoding=\"async\" width=\"569\" height=\"396\" src=\"https:\/\/sici-dilna.com\/nove\/wp-content\/uploads\/2024\/05\/codvojka-1.jpg\" alt=\"\" class=\"wp-image-2167\" srcset=\"https:\/\/sici-dilna.com\/wp-content\/uploads\/2024\/05\/codvojka-1.jpg 569w, https:\/\/sici-dilna.com\/wp-content\/uploads\/2024\/05\/codvojka-1-300x209.jpg 300w\" sizes=\"(max-width: 569px) 100vw, 569px\" \/><figcaption class=\"wp-element-caption\">CO2 Laser<\/figcaption><\/figure>\n<\/div>\n\n\n\n<div class=\"wp-block-column is-layout-flow wp-block-column-is-layout-flow\">\n<figure class=\"wp-block-image size-full\"><img decoding=\"async\" width=\"569\" height=\"395\" src=\"https:\/\/sici-dilna.com\/nove\/wp-content\/uploads\/2024\/05\/12-1.jpg\" alt=\"\" class=\"wp-image-2180\" srcset=\"https:\/\/sici-dilna.com\/wp-content\/uploads\/2024\/05\/12-1.jpg 569w, https:\/\/sici-dilna.com\/wp-content\/uploads\/2024\/05\/12-1-300x208.jpg 300w\" sizes=\"(max-width: 569px) 100vw, 569px\" \/><figcaption class=\"wp-element-caption\">1-Nadel-N\u00e4hmaschine mit Doppelumlaufstich f\u00fcr schwere Materialien.<\/figcaption><\/figure>\n<\/div>\n\n\n\n<div class=\"wp-block-column is-layout-flow wp-block-column-is-layout-flow\">\n<figure class=\"wp-block-image size-full is-resized\"><img decoding=\"async\" width=\"450\" height=\"413\" src=\"https:\/\/sici-dilna.com\/nove\/wp-content\/uploads\/2024\/05\/tezkymaterial.jpg\" alt=\"\" class=\"wp-image-2331\" style=\"width:356px;height:auto\" srcset=\"https:\/\/sici-dilna.com\/wp-content\/uploads\/2024\/05\/tezkymaterial.jpg 450w, https:\/\/sici-dilna.com\/wp-content\/uploads\/2024\/05\/tezkymaterial-300x275.jpg 300w\" sizes=\"(max-width: 450px) 100vw, 450px\" \/><figcaption class=\"wp-element-caption\">1-Nadel-N\u00e4hmaschine mit gebundenem Stich f\u00fcr mittlere und schwere Stoffe<\/figcaption><\/figure>\n<\/div>\n<\/div>\n\n\n\n<div class=\"wp-block-columns is-layout-flex wp-container-core-columns-is-layout-9d6595d7 wp-block-columns-is-layout-flex\">\n<div class=\"wp-block-column is-layout-flow wp-block-column-is-layout-flow\">\n<figure class=\"wp-block-image size-full\"><img decoding=\"async\" width=\"569\" height=\"396\" src=\"https:\/\/sici-dilna.com\/nove\/wp-content\/uploads\/2024\/05\/ondyx.jpg\" alt=\"\" class=\"wp-image-2187\" srcset=\"https:\/\/sici-dilna.com\/wp-content\/uploads\/2024\/05\/ondyx.jpg 569w, https:\/\/sici-dilna.com\/wp-content\/uploads\/2024\/05\/ondyx-300x209.jpg 300w\" sizes=\"(max-width: 569px) 100vw, 569px\" \/><figcaption class=\"wp-element-caption\">2-N\u00e4hmaschine mit Unter- und Nadeltransport<\/figcaption><\/figure>\n<\/div>\n\n\n\n<div class=\"wp-block-column is-layout-flow wp-block-column-is-layout-flow\">\n<figure class=\"wp-block-image size-full\"><img decoding=\"async\" width=\"569\" height=\"396\" src=\"https:\/\/sici-dilna.com\/nove\/wp-content\/uploads\/2024\/05\/ondyx2.jpg\" alt=\"\" class=\"wp-image-2191\" srcset=\"https:\/\/sici-dilna.com\/wp-content\/uploads\/2024\/05\/ondyx2.jpg 569w, https:\/\/sici-dilna.com\/wp-content\/uploads\/2024\/05\/ondyx2-300x209.jpg 300w\" sizes=\"(max-width: 569px) 100vw, 569px\" \/><figcaption class=\"wp-element-caption\">2-N\u00e4hmaschine f\u00fcr 4-Faden-Overlock.<\/figcaption><\/figure>\n<\/div>\n\n\n\n<div class=\"wp-block-column is-layout-flow wp-block-column-is-layout-flow\">\n<figure class=\"wp-block-image size-full\"><img decoding=\"async\" width=\"569\" height=\"396\" src=\"https:\/\/sici-dilna.com\/nove\/wp-content\/uploads\/2024\/05\/ondyx2.jpg\" alt=\"\" class=\"wp-image-2191\" srcset=\"https:\/\/sici-dilna.com\/wp-content\/uploads\/2024\/05\/ondyx2.jpg 569w, https:\/\/sici-dilna.com\/wp-content\/uploads\/2024\/05\/ondyx2-300x209.jpg 300w\" sizes=\"(max-width: 569px) 100vw, 569px\" \/><figcaption class=\"wp-element-caption\">2-N\u00e4hmaschine f\u00fcr 5-Faden-Overlock.<br><\/figcaption><\/figure>\n<\/div>\n<\/div>\n\n\n\n<div class=\"wp-block-columns is-layout-flex wp-container-core-columns-is-layout-9d6595d7 wp-block-columns-is-layout-flex\">\n<div class=\"wp-block-column is-layout-flow wp-block-column-is-layout-flow\">\n<figure class=\"wp-block-image size-full\"><img decoding=\"async\" width=\"500\" height=\"500\" src=\"https:\/\/sici-dilna.com\/nove\/wp-content\/uploads\/2024\/05\/dirkovaci-7.jpg\" alt=\"\" class=\"wp-image-2469\" srcset=\"https:\/\/sici-dilna.com\/wp-content\/uploads\/2024\/05\/dirkovaci-7.jpg 500w, https:\/\/sici-dilna.com\/wp-content\/uploads\/2024\/05\/dirkovaci-7-300x300.jpg 300w, https:\/\/sici-dilna.com\/wp-content\/uploads\/2024\/05\/dirkovaci-7-150x150.jpg 150w\" sizes=\"(max-width: 500px) 100vw, 500px\" \/><figcaption class=\"wp-element-caption\">Knopfloch-N\u00e4hmaschine<\/figcaption><\/figure>\n<\/div>\n\n\n\n<div class=\"wp-block-column is-layout-flow wp-block-column-is-layout-flow\">\n<figure class=\"wp-block-image size-full\"><img decoding=\"async\" width=\"570\" height=\"396\" src=\"https:\/\/sici-dilna.com\/nove\/wp-content\/uploads\/2024\/05\/ondyxoid2-1.jpg\" alt=\"\" class=\"wp-image-2217\" srcset=\"https:\/\/sici-dilna.com\/wp-content\/uploads\/2024\/05\/ondyxoid2-1.jpg 570w, https:\/\/sici-dilna.com\/wp-content\/uploads\/2024\/05\/ondyxoid2-1-300x208.jpg 300w\" sizes=\"(max-width: 570px) 100vw, 570px\" \/><figcaption class=\"wp-element-caption\">Interlock-Coverlock<\/figcaption><\/figure>\n<\/div>\n\n\n\n<div class=\"wp-block-column is-layout-flow wp-block-column-is-layout-flow\">\n<figure class=\"wp-block-image size-full\"><img decoding=\"async\" width=\"570\" height=\"396\" src=\"https:\/\/sici-dilna.com\/nove\/wp-content\/uploads\/2024\/05\/ondyxoid3-1.jpg\" alt=\"\" class=\"wp-image-2221\" srcset=\"https:\/\/sici-dilna.com\/wp-content\/uploads\/2024\/05\/ondyxoid3-1.jpg 570w, https:\/\/sici-dilna.com\/wp-content\/uploads\/2024\/05\/ondyxoid3-1-300x208.jpg 300w\" sizes=\"(max-width: 570px) 100vw, 570px\" \/><figcaption class=\"wp-element-caption\">Riegelmaschine<\/figcaption><\/figure>\n<\/div>\n<\/div>\n\n\n\n<div class=\"wp-block-columns is-layout-flex wp-container-core-columns-is-layout-9d6595d7 wp-block-columns-is-layout-flex\">\n<div class=\"wp-block-column is-layout-flow wp-block-column-is-layout-flow\">\n<figure class=\"wp-block-image size-large\"><img decoding=\"async\" width=\"1024\" height=\"644\" src=\"https:\/\/sici-dilna.com\/nove\/wp-content\/uploads\/2024\/05\/cutter-1-1024x644.png\" alt=\"\" class=\"wp-image-2450\" srcset=\"https:\/\/sici-dilna.com\/wp-content\/uploads\/2024\/05\/cutter-1-1024x644.png 1024w, https:\/\/sici-dilna.com\/wp-content\/uploads\/2024\/05\/cutter-1-300x189.png 300w, https:\/\/sici-dilna.com\/wp-content\/uploads\/2024\/05\/cutter-1-768x483.png 768w, https:\/\/sici-dilna.com\/wp-content\/uploads\/2024\/05\/cutter-1-1536x966.png 1536w, https:\/\/sici-dilna.com\/wp-content\/uploads\/2024\/05\/cutter-1-2048x1288.png 2048w\" sizes=\"(max-width: 1024px) 100vw, 1024px\" \/><figcaption class=\"wp-element-caption\">Automatischer Mehrschicht-Schneidemaschine Bullmer<\/figcaption><\/figure>\n<\/div>\n\n\n\n<div class=\"wp-block-column is-layout-flow wp-block-column-is-layout-flow\">\n<figure class=\"wp-block-image size-large\"><img decoding=\"async\" width=\"1024\" height=\"768\" src=\"https:\/\/sici-dilna.com\/wp-content\/uploads\/2024\/05\/barudan-1024x768.jpg\" alt=\"\" class=\"wp-image-2580\" srcset=\"https:\/\/sici-dilna.com\/wp-content\/uploads\/2024\/05\/barudan-1024x768.jpg 1024w, https:\/\/sici-dilna.com\/wp-content\/uploads\/2024\/05\/barudan-300x225.jpg 300w, https:\/\/sici-dilna.com\/wp-content\/uploads\/2024\/05\/barudan-768x576.jpg 768w, https:\/\/sici-dilna.com\/wp-content\/uploads\/2024\/05\/barudan.jpg 1280w\" sizes=\"(max-width: 1024px) 100vw, 1024px\" \/><figcaption class=\"wp-element-caption\">Stickmaschine Barudan<\/figcaption><\/figure>\n<\/div>\n<\/div>\n","protected":false},"excerpt":{"rendered":"Programmierbare Automaten Mehrnadel-Kettenstich Zickzack-N\u00e4hmaschine Flachnaht-N\u00e4hmaschine Schmale Schulterpartie Knopfloch-N\u00e4hmaschine CO2 Laser 1-Nadel-N\u00e4hmaschine mit Doppelumlaufstich f\u00fcr schwere Materialien. 1-Nadel-N\u00e4hmaschine mit gebundenem Stich f\u00fcr mittlere und schwere Stoffe 2-N\u00e4hmaschine mit Unter- und Nadeltransport 2-N\u00e4hmaschine f\u00fcr 4-Faden-Overlock. 2-N\u00e4hmaschine f\u00fcr 5-Faden-Overlock. Knopfloch-N\u00e4hmaschine Interlock-Coverlock Riegelmaschine Automatischer Mehrschicht-Schneidemaschine Bullmer Stickmaschine Barudan","protected":false},"author":1,"featured_media":0,"parent":0,"menu_order":0,"comment_status":"closed","ping_status":"closed","template":"","meta":{"footnotes":""},"class_list":["post-2243","page","type-page","status-publish","hentry"],"acf":[],"_links":{"self":[{"href":"https:\/\/sici-dilna.com\/de\/wp-json\/wp\/v2\/pages\/2243","targetHints":{"allow":["GET"]}}],"collection":[{"href":"https:\/\/sici-dilna.com\/de\/wp-json\/wp\/v2\/pages"}],"about":[{"href":"https:\/\/sici-dilna.com\/de\/wp-json\/wp\/v2\/types\/page"}],"author":[{"embeddable":true,"href":"https:\/\/sici-dilna.com\/de\/wp-json\/wp\/v2\/users\/1"}],"replies":[{"embeddable":true,"href":"https:\/\/sici-dilna.com\/de\/wp-json\/wp\/v2\/comments?post=2243"}],"version-history":[{"count":15,"href":"https:\/\/sici-dilna.com\/de\/wp-json\/wp\/v2\/pages\/2243\/revisions"}],"predecessor-version":[{"id":2622,"href":"https:\/\/sici-dilna.com\/de\/wp-json\/wp\/v2\/pages\/2243\/revisions\/2622"}],"wp:attachment":[{"href":"https:\/\/sici-dilna.com\/de\/wp-json\/wp\/v2\/media?parent=2243"}],"curies":[{"name":"wp","href":"https:\/\/api.w.org\/{rel}","templated":true}]}}